{"id":279,"date":"2012-02-05T19:21:56","date_gmt":"2012-02-05T19:21:56","guid":{"rendered":"http:\/\/hw.rooter.hu\/?page_id=279"},"modified":"2017-06-21T17:33:42","modified_gmt":"2017-06-21T17:33:42","slug":"fooldal","status":"publish","type":"page","link":"http:\/\/www.nyelviskolanagykanizsa.hu\/","title":{"rendered":"F\u0151oldal"},"content":{"rendered":"<h2><img loading=\"lazy\" class=\"size-medium wp-image-640 alignright\" src=\"http:\/\/hw.rooter.hu\/wp-content\/uploads\/IMG_3821-1-300x201.jpg\" alt=\"\" width=\"300\" height=\"201\" srcset=\"http:\/\/hw.rooter.hu\/wp-content\/uploads\/IMG_3821-1-300x201.jpg 300w, http:\/\/hw.rooter.hu\/wp-content\/uploads\/IMG_3821-1.jpg 580w\" sizes=\"(max-width: 300px) 100vw, 300px\" \/><\/h2>\n<h1><strong><span style=\"color: #ff0000;\">Angol mag\u00e1ntan\u00e1r sok besz\u00e9ddel?<\/span> <\/strong><\/h1>\n<h2><strong>L\u00e1that\u00f3 id\u0151 alatt garant\u00e1lt eredm\u00e9ny! <\/strong><\/h2>\n<h2><span style=\"color: #ff0000;\">Jelentkezz most ingyenes pr\u00f3ba\u00f3r\u00e1ra!<\/span><\/h2>\n<h2><strong><span style=\"color: #000000;\">Nyelvtanul\u00e1s, h\u00e1zi feladat n\u00e9lk\u00fcl&#8230; <\/span><\/strong><\/h2>\n<h3><strong><span style=\"color: #000000;\">A mag\u00e1ntan\u00e1r csapattal garant\u00e1lt eredm\u00e9nyt biztos\u00edtunk neked.<\/span><\/strong><\/h3>\n<table cellspacing=\"0\" cellpadding=\"0\" border=\"0\">\n<tbody>\n<tr>\n<td colspan=\"3\">&nbsp;<\/td>\n<\/tr>\n<tr>\n<td>\n<h3><strong>Mi a c\u00e9lod az angol tanul\u00e1ssal?<\/strong><\/h3>\n<ul>\n<li><span style=\"font-size: 14pt;\"><a href=\"http:\/\/szellkalman.hollywoodnyelvstudio.hu\/ez-egy-minta-oldal\/ingyenes-probaora\">Munk\u00e1mhoz kell&gt;&gt;&gt;<\/a><\/span><\/li>\n<li><span style=\"font-size: 14pt;\"><a href=\"http:\/\/szellkalman.hollywoodnyelvstudio.hu\/ez-egy-minta-oldal\/ingyenes-probaora\">Besz\u00e9lni szeretn\u00e9k&gt;&gt;&gt;<\/a><\/span><\/li>\n<li><span style=\"font-size: 14pt;\"><a href=\"http:\/\/szellkalman.hollywoodnyelvstudio.hu\/ez-egy-minta-oldal\/ingyenes-probaora\">Nyelvvizsg\u00e1t szeretn\u00e9k szerezni&gt;&gt;&gt;<\/a><\/span><\/li>\n<li><span style=\"font-size: 14pt;\"><a href=\"http:\/\/szellkalman.hollywoodnyelvstudio.hu\/ez-egy-minta-oldal\/ingyenes-probaora\">\u00c9retts\u00e9gizem&gt;&gt;&gt;<\/a><\/span><\/li>\n<li><span style=\"font-size: 12pt;\"><a href=\"http:\/\/szellkalman.hollywoodnyelvstudio.hu\/ez-egy-minta-oldal\/ingyenes-probaora\"><span style=\"font-size: 14pt;\">K\u00fclf\u00f6ldre menn\u00e9k&gt;&gt;&gt;<\/span><\/a><\/span><\/li>\n<\/ul>\n<\/td>\n<td>&nbsp;<\/td>\n<td>\n<h3><strong>Mi\u00e9rt \u00e9ppen a Hollywood?<\/strong><\/h3>\n<ul>\n<li><span style=\"font-size: 12pt;\">egy\u00e9ni halad\u00e1s, nem csoportos<\/span><\/li>\n<li><span style=\"font-size: 12pt;\">sok besz\u00e9d, angol anyanyelv\u0171 tan\u00e1rral is<\/span><\/li>\n<li><span style=\"font-size: 12pt;\">nyelvvizsga garancia<\/span><\/li>\n<li><span style=\"font-size: 12pt;\">hozz\u00e1d igazod\u00f3 \u00f3rarend<\/span><\/li>\n<li><span style=\"font-size: 12pt;\">ingyenesen kipr\u00f3b\u00e1lhatod!<\/span><\/li>\n<\/ul>\n<\/td>\n<\/tr>\n<tr>\n<td colspan=\"3\"><span style=\"font-size: 12pt;\">Ha tanult\u00e1l nyelvet az \u00e1llami k\u00f6zoktat\u00e1sban vagy csoportos nyelviskol\u00e1ban, akkor val\u00f3sz\u00edn\u0171leg te is a mag\u00e1ntan\u00e1rban, az angol mag\u00e1ntan\u00e1rban vagy ak\u00e1r az anyanyelv\u0171 angol mag\u00e1ntan\u00e1rban hiszel a legink\u00e1bb.<\/span><br \/>\n<span style=\"font-size: 12pt;\">Egy angol nyelvtan\u00e1r mindezek ellen\u00e9re akkor tud eredm\u00e9nyeket el\u00e9rni veled, ha minden szerencs\u00e9sen \u00f6ssze\u00e1ll: nincs betegs\u00e9g, hi\u00e1nyz\u00e1s, nyaral\u00e1s, stb.<\/span><\/p>\n<h2><span style=\"font-size: 12pt;\">Mit jelent a kiscsoportos oktat\u00e1s?<\/span><\/h2>\n<p><span style=\"font-size: 12pt;\">A mag\u00e1ntan\u00e1r csapat \u00f6tv\u00f6zi a mag\u00e1ntan\u00e1ri szitu\u00e1ci\u00f3b\u00f3l fakad\u00f3 t\u00f6r\u0151d\u00e9st \u00e9s a csoportos helyzet adta egy f\u0151re jut\u00f3 gazdas\u00e1gos \u00f3rad\u00edjakat. \u00cdgy fordulhat el\u0151, hogy egy\u00e9ni t\u00f6r\u0151d\u00e9st kaphatsz alacsonyabb \u00e1rakon.<\/span><\/td>\n<\/tr>\n<\/tbody>\n<\/table>\n<h1>Vill\u00e1mstart lehet\u0151s\u00e9g!<\/h1>\n<h3>Szeretn\u00e9d kipr\u00f3b\u00e1lni ingyen pr\u00f3ba\u00f3r\u00e1n \u00e9s megszerezni a jogosults\u00e1got a 30% START kedvezm\u00e9nyre?<\/h3>\n<p><a href=\"http:\/\/szellkalman.hollywoodnyelvstudio.hu\/ez-egy-minta-oldal\/villamstart-akcio\/\">K\u00e9rem az ingyen pr\u00f3ba \u00e9s a 30% START kedvezm\u00e9ny lehet\u0151s\u00e9get&gt;&gt;&gt;<\/a><\/p>\n<p>Mit is jelentenek ezek a szavak: mag\u00e1ntan\u00e1r; angol mag\u00e1ntan\u00e1r; angol anyanyelvi mag\u00e1ntan\u00e1r; angol nyelvtan\u00e1r? Nos ezeket a Hollywood Nyelvst\u00fadi\u00f3kban mind megtal\u00e1lod egy speci\u00e1lis k\u00e9pz\u00e9si form\u00e1ban, amit neh\u00e9z lenne le\u00edrni, \u00edgy a legjobb, ha szem\u00e9lyesen n\u00e9zed meg a saj\u00e1t szemeddel.<\/p>\n","protected":false},"excerpt":{"rendered":"<p>Angol mag\u00e1ntan\u00e1r sok besz\u00e9ddel? L\u00e1that\u00f3 id\u0151 alatt garant\u00e1lt eredm\u00e9ny! Jelentkezz most ingyenes pr\u00f3ba\u00f3r\u00e1ra! Nyelvtanul\u00e1s, h\u00e1zi feladat n\u00e9lk\u00fcl&#8230; A mag\u00e1ntan\u00e1r csapattal garant\u00e1lt eredm\u00e9nyt biztos\u00edtunk neked. &nbsp; Mi a c\u00e9lod az angol tanul\u00e1ssal? Munk\u00e1mhoz kell&gt;&gt;&gt; Besz\u00e9lni szeretn\u00e9k&gt;&gt;&gt; Nyelvvizsg\u00e1t szeretn\u00e9k szerezni&gt;&gt;&gt; \u00c9retts\u00e9gizem&gt;&gt;&gt; K\u00fclf\u00f6ldre menn\u00e9k&gt;&gt;&gt; &nbsp; Mi\u00e9rt \u00e9ppen a Hollywood? egy\u00e9ni halad\u00e1s, nem csoportos sok besz\u00e9d, angol anyanyelv\u0171 tan\u00e1rral [&hellip;]<\/p>\n","protected":false},"author":1,"featured_media":0,"parent":0,"menu_order":1,"comment_status":"closed","ping_status":"closed","template":"","meta":[],"_links":{"self":[{"href":"http:\/\/www.nyelviskolanagykanizsa.hu\/index.php?rest_route=\/wp\/v2\/pages\/279"}],"collection":[{"href":"http:\/\/www.nyelviskolanagykanizsa.hu\/index.php?rest_route=\/wp\/v2\/pages"}],"about":[{"href":"http:\/\/www.nyelviskolanagykanizsa.hu\/index.php?rest_route=\/wp\/v2\/types\/page"}],"author":[{"embeddable":true,"href":"http:\/\/www.nyelviskolanagykanizsa.hu\/index.php?rest_route=\/wp\/v2\/users\/1"}],"replies":[{"embeddable":true,"href":"http:\/\/www.nyelviskolanagykanizsa.hu\/index.php?rest_route=%2Fwp%2Fv2%2Fcomments&post=279"}],"version-history":[{"count":18,"href":"http:\/\/www.nyelviskolanagykanizsa.hu\/index.php?rest_route=\/wp\/v2\/pages\/279\/revisions"}],"predecessor-version":[{"id":648,"href":"http:\/\/www.nyelviskolanagykanizsa.hu\/index.php?rest_route=\/wp\/v2\/pages\/279\/revisions\/648"}],"wp:attachment":[{"href":"http:\/\/www.nyelviskolanagykanizsa.hu\/index.php?rest_route=%2Fwp%2Fv2%2Fmedia&parent=279"}],"curies":[{"name":"wp","href":"https:\/\/api.w.org\/{rel}","templated":true}]}}